{"id":4701,"date":"2024-04-23T07:36:06","date_gmt":"2024-04-23T07:36:06","guid":{"rendered":"https:\/\/wpriverthemes.com\/magnuz\/?page_id=4701"},"modified":"2026-02-13T20:59:18","modified_gmt":"2026-02-13T20:59:18","slug":"contacto","status":"publish","type":"page","link":"https:\/\/contadorglobal.us\/index.php\/contacto\/","title":{"rendered":"CONTACTO"},"content":{"rendered":"\t\t<div data-elementor-type=\"wp-page\" data-elementor-id=\"4701\" class=\"elementor elementor-4701\">\n\t\t\t\t<div class=\"elementor-element elementor-element-627a301 e-con-full e-flex e-con e-parent\" data-id=\"627a301\" data-element_type=\"container\" data-e-type=\"container\">\n\t\t\t\t<div class=\"elementor-element elementor-element-10de4c3 elementor-widget elementor-widget-innerpagebreadcrumb\" data-id=\"10de4c3\" data-element_type=\"widget\" data-e-type=\"widget\" data-widget_type=\"innerpagebreadcrumb.default\">\n\t\t\t\t<div class=\"elementor-widget-container\">\n\t\t\t\t\t\n\n<!-- Breadcrumb -->\n        <div class=\"breadcrumb-area\">\n            <div class=\"custom-container\">\n                <div class=\"content\">\n                                        <ul>\n                        <li>\n                            <a                             href=\"#\"><\/a>\n                        <\/li>\n\n                        \n                        <li>Contacto<\/li>\n                    <\/ul>\n                                    <\/div>\n            <\/div>\n        <\/div>\n<!-- End Breadcrumb -->\n<style>\n    \n    .breadcrumb-area::before{\n        background-image: url(https:\/\/contadorglobal.us\/wp-content\/uploads\/2026\/02\/office4.png);\n    }\n    <\/style>\n\n\n    \t\t\t\t<\/div>\n\t\t\t\t<\/div>\n\t\t<div class=\"elementor-element elementor-element-c501fbe e-flex e-con-boxed e-con e-child\" data-id=\"c501fbe\" data-element_type=\"container\" data-e-type=\"container\">\n\t\t\t\t\t<div class=\"e-con-inner\">\n\t\t\t\t<div class=\"elementor-element elementor-element-263e8c5 elementor-widget elementor-widget-heading\" data-id=\"263e8c5\" data-element_type=\"widget\" data-e-type=\"widget\" data-widget_type=\"heading.default\">\n\t\t\t\t\t<h3 class=\"elementor-heading-title elementor-size-default\">Estructuras internacionales bien dise\u00f1adas comienzan con una conversaci\u00f3n clara.<\/h3>\t\t\t\t<\/div>\n\t\t\t\t\t<\/div>\n\t\t\t\t<\/div>\n\t\t\t\t<\/div>\n\t\t<div class=\"elementor-element elementor-element-fec5fa1 e-con-full e-flex e-con e-parent\" data-id=\"fec5fa1\" data-element_type=\"container\" data-e-type=\"container\">\n\t\t\t\t<div class=\"elementor-element elementor-element-30a13d0 elementor-widget elementor-widget-mainhomecontact\" data-id=\"30a13d0\" data-element_type=\"widget\" data-e-type=\"widget\" data-widget_type=\"mainhomecontact.default\">\n\t\t\t\t<div class=\"elementor-widget-container\">\n\t\t\t\t\t\n<!-- Start Contact -->\n<section class=\"contact-area\">\n    <div class=\"custom-container\">\n        <div class=\"custom-row\">\n            \n            \n                        <div class=\"contact-form\">\n                <h4 class=\"subtitle\">CONTACTO<\/h4>\n                <h1 class=\"title\">Agendar conversaci\u00f3n<\/h1>\n\n                \n<div class=\"wpcf7 no-js\" id=\"wpcf7-f2451-o1\" lang=\"en-US\" dir=\"ltr\" data-wpcf7-id=\"2451\">\n<div class=\"screen-reader-response\"><p role=\"status\" aria-live=\"polite\" aria-atomic=\"true\"><\/p> <ul><\/ul><\/div>\n<form action=\"\/index.php\/wp-json\/wp\/v2\/pages\/4701#wpcf7-f2451-o1\" method=\"post\" class=\"wpcf7-form init\" aria-label=\"Contact form\" novalidate=\"novalidate\" data-status=\"init\">\n<fieldset class=\"hidden-fields-container\"><input type=\"hidden\" name=\"_wpcf7\" value=\"2451\" \/><input type=\"hidden\" name=\"_wpcf7_version\" value=\"6.1.5\" \/><input type=\"hidden\" name=\"_wpcf7_locale\" value=\"en_US\" \/><input type=\"hidden\" name=\"_wpcf7_unit_tag\" value=\"wpcf7-f2451-o1\" \/><input type=\"hidden\" name=\"_wpcf7_container_post\" value=\"0\" \/><input type=\"hidden\" name=\"_wpcf7_posted_data_hash\" value=\"\" \/>\n<\/fieldset>\n<div class=\"input-group\">\n\t<p><span class=\"wpcf7-form-control-wrap\" data-name=\"fullname\"><input size=\"40\" maxlength=\"400\" class=\"wpcf7-form-control wpcf7-text wpcf7-validates-as-required\" aria-required=\"true\" aria-invalid=\"false\" placeholder=\"Nombre completo\" value=\"\" type=\"text\" name=\"fullname\" \/><\/span>\n\t<\/p>\n<\/div>\n<div class=\"input-group\">\n\t<p><span class=\"wpcf7-form-control-wrap\" data-name=\"email\"><input size=\"40\" maxlength=\"400\" class=\"wpcf7-form-control wpcf7-email wpcf7-validates-as-required wpcf7-text wpcf7-validates-as-email\" aria-required=\"true\" aria-invalid=\"false\" placeholder=\"Correo electr\u00f3nico\" value=\"\" type=\"email\" name=\"email\" \/><\/span>\n\t<\/p>\n<\/div>\n<div class=\"input-group\">\n\t<p><span class=\"wpcf7-form-control-wrap\" data-name=\"country\"><input size=\"40\" maxlength=\"400\" class=\"wpcf7-form-control wpcf7-text\" aria-invalid=\"false\" placeholder=\"Pa\u00eds de residencia fiscal\" value=\"\" type=\"text\" name=\"country\" \/><\/span>\n\t<\/p>\n<\/div>\n<div class=\"input-group\">\n\t<p><span class=\"wpcf7-form-control-wrap\" data-name=\"structure\"><select class=\"wpcf7-form-control wpcf7-select\" aria-invalid=\"false\" name=\"structure\"><option value=\"Estado actual de su estructura en EE.UU.\">Estado actual de su estructura en EE.UU.<\/option><option value=\"No opero a\u00fan en EE.UU. (evaluando)\">No opero a\u00fan en EE.UU. (evaluando)<\/option><option value=\"Planeo constituir estructura en EE.UU.\">Planeo constituir estructura en EE.UU.<\/option><option value=\"Ya tengo LLC (sin o con actividad inicial)\">Ya tengo LLC (sin o con actividad inicial)<\/option><option value=\"Tengo LLC con actividad en curso\">Tengo LLC con actividad en curso<\/option><option value=\"Estructura m\u00e1s compleja (holding, socios, varios estados)\">Estructura m\u00e1s compleja (holding, socios, varios estados)<\/option><\/select><\/span>\n\t<\/p>\n<\/div>\n<div class=\"input-group\">\n\t<p><span class=\"wpcf7-form-control-wrap\" data-name=\"revenue\"><select class=\"wpcf7-form-control wpcf7-select\" aria-invalid=\"false\" name=\"revenue\"><option value=\"Volumen estimado de operaci\u00f3n anual (aprox.)\">Volumen estimado de operaci\u00f3n anual (aprox.)<\/option><option value=\"Menos de USD 25,000\">Menos de USD 25,000<\/option><option value=\"USD 25,000 a 75,000\">USD 25,000 a 75,000<\/option><option value=\"USD 75,000 a 150,000\">USD 75,000 a 150,000<\/option><option value=\"USD 150,000 a 300,000\">USD 150,000 a 300,000<\/option><option value=\"USD 300,000 a 600,000\">USD 300,000 a 600,000<\/option><option value=\"M\u00e1s de USD 600,000\">M\u00e1s de USD 600,000<\/option><option value=\"Prefiero conversarlo en la reuni\u00f3n\">Prefiero conversarlo en la reuni\u00f3n<\/option><\/select><\/span>\n\t<\/p>\n<\/div>\n<div class=\"input-group\">\n\t<p><span class=\"wpcf7-form-control-wrap\" data-name=\"activity\"><select class=\"wpcf7-form-control wpcf7-select\" aria-invalid=\"false\" name=\"activity\"><option value=\"Tipo de actividad principal\">Tipo de actividad principal<\/option><option value=\"Servicios profesionales \/ consultor\u00eda\">Servicios profesionales \/ consultor\u00eda<\/option><option value=\"E-commerce \/ Amazon \/ Shopify\">E-commerce \/ Amazon \/ Shopify<\/option><option value=\"Inversiones inmobiliarias\">Inversiones inmobiliarias<\/option><option value=\"Software \/ tecnolog\u00eda\">Software \/ tecnolog\u00eda<\/option><option value=\"Importaci\u00f3n \/ exportaci\u00f3n\">Importaci\u00f3n \/ exportaci\u00f3n<\/option><option value=\"Otra actividad\">Otra actividad<\/option><\/select><\/span>\n\t<\/p>\n<\/div>\n<div class=\"input-group\">\n\t<p><span class=\"wpcf7-form-control-wrap\" data-name=\"message\"><textarea cols=\"40\" rows=\"10\" maxlength=\"2000\" class=\"wpcf7-form-control wpcf7-textarea wpcf7-validates-as-required\" aria-required=\"true\" aria-invalid=\"false\" placeholder=\"Describa brevemente su situaci\u00f3n y qu\u00e9 busca resolver\" name=\"message\"><\/textarea><\/span>\n\t<\/p>\n<\/div>\n<div class=\"input-group\">\n\t<p><button class=\"theme-btn\" type=\"submit\"><span><\/span>Enviar<\/button>\n\t<\/p>\n<\/div><div class=\"wpcf7-response-output\" aria-hidden=\"true\"><\/div>\n<\/form>\n<\/div>\n            <\/div>\n            \n        <\/div>\n    <\/div>\n<\/section>\n<!-- End Contact -->\n\n\n    \t\t\t\t<\/div>\n\t\t\t\t<\/div>\n\t\t<div class=\"elementor-element elementor-element-46aa001 e-flex e-con-boxed e-con e-child\" data-id=\"46aa001\" data-element_type=\"container\" data-e-type=\"container\">\n\t\t\t\t\t<div class=\"e-con-inner\">\n\t\t\t\t<div class=\"elementor-element elementor-element-dbc51a0 elementor-widget elementor-widget-text-editor\" data-id=\"dbc51a0\" data-element_type=\"widget\" data-e-type=\"widget\" data-widget_type=\"text-editor.default\">\n\t\t\t\t\t\t\t\t\t<p>La firma analiza \u00fanicamente casos vinculados a estructuraci\u00f3n legal y cumplimiento fiscal internacional en Estados Unidos. No realizamos tr\u00e1mites aislados ni gestiones administrativas simples.<br \/>La firma no brinda asesoramiento legal ni emite opiniones jur\u00eddicas. No actuamos como abogados ni como estudio jur\u00eddico. Cuando un caso requiere intervenci\u00f3n legal formal, trabajamos en coordinaci\u00f3n con abogados licenciados en las jurisdicciones correspondientes.<\/p>\t\t\t\t\t\t\t\t<\/div>\n\t\t\t\t\t<\/div>\n\t\t\t\t<\/div>\n\t\t\t\t<\/div>\n\t\t<div class=\"elementor-element elementor-element-4f8773c e-con-full e-flex e-con e-parent\" data-id=\"4f8773c\" data-element_type=\"container\" data-e-type=\"container\">\n\t\t\t\t<div class=\"elementor-element elementor-element-38bd6dd elementor-widget elementor-widget-mainhomenewsletter\" data-id=\"38bd6dd\" data-element_type=\"widget\" data-e-type=\"widget\" data-widget_type=\"mainhomenewsletter.default\">\n\t\t\t\t<div class=\"elementor-widget-container\">\n\t\t\t\t\t\n<!-- Start Newsletter -->\n<section class=\"newsletter-area \">\n    <img decoding=\"async\" src=\"https:\/\/contadorglobal.us\/wp-content\/uploads\/2024\/04\/newsletter-border-shape.png\" alt=\"\" class=\"shape\">\n\n    <div class=\"custom-container\">\n        <div class=\"custom-row\">\n            <h1 class=\"title\">Suscr\u00edbase y reciba Novedades sobre Operar en EE.UU. <\/h1>\n\n            \n<div class=\"wpcf7 no-js\" id=\"wpcf7-f2171-o2\" lang=\"en-US\" dir=\"ltr\" data-wpcf7-id=\"2171\">\n<div class=\"screen-reader-response\"><p role=\"status\" aria-live=\"polite\" aria-atomic=\"true\"><\/p> <ul><\/ul><\/div>\n<form action=\"\/index.php\/wp-json\/wp\/v2\/pages\/4701#wpcf7-f2171-o2\" method=\"post\" class=\"wpcf7-form init\" aria-label=\"Contact form\" novalidate=\"novalidate\" data-status=\"init\">\n<fieldset class=\"hidden-fields-container\"><input type=\"hidden\" name=\"_wpcf7\" value=\"2171\" \/><input type=\"hidden\" name=\"_wpcf7_version\" value=\"6.1.5\" \/><input type=\"hidden\" name=\"_wpcf7_locale\" value=\"en_US\" \/><input type=\"hidden\" name=\"_wpcf7_unit_tag\" value=\"wpcf7-f2171-o2\" \/><input type=\"hidden\" name=\"_wpcf7_container_post\" value=\"0\" \/><input type=\"hidden\" name=\"_wpcf7_posted_data_hash\" value=\"\" \/>\n<\/fieldset>\n<div class=\"input-group\">\n\t<p><span class=\"wpcf7-form-control-wrap\" data-name=\"email\"><input size=\"40\" maxlength=\"400\" class=\"wpcf7-form-control wpcf7-email wpcf7-validates-as-required wpcf7-text wpcf7-validates-as-email\" aria-required=\"true\" aria-invalid=\"false\" placeholder=\"Direcci\u00f3n de Email\" value=\"\" type=\"email\" name=\"email\" \/><\/span><button type=\"Enviar\"><span class=\"right-icon\"><\/span><\/button>\n\t<\/p>\n<\/div><div class=\"wpcf7-response-output\" aria-hidden=\"true\"><\/div>\n<\/form>\n<\/div>\n\n        <\/div>\n    <\/div>\n<\/section>\n<!-- End Newsletter -->\n\n\n    \t\t\t\t<\/div>\n\t\t\t\t<\/div>\n\t\t\t\t<\/div>\n\t\t\t\t<\/div>\n\t\t","protected":false},"excerpt":{"rendered":"<p>Contacto Estructuras internacionales bien dise\u00f1adas comienzan con una conversaci\u00f3n clara. CONTACTO Agendar conversaci\u00f3n Enviar La firma analiza \u00fanicamente casos vinculados a estructuraci\u00f3n legal y cumplimiento fiscal internacional en Estados Unidos. No realizamos tr\u00e1mites aislados ni gestiones administrativas simples.La firma no brinda asesoramiento legal ni emite opiniones jur\u00eddicas. No actuamos como abogados ni como estudio jur\u00eddico. [&hellip;]<\/p>\n","protected":false},"author":1,"featured_media":0,"parent":0,"menu_order":0,"comment_status":"closed","ping_status":"closed","template":"page-templates\/contact-home.php","meta":{"footnotes":""},"class_list":["post-4701","page","type-page","status-publish","hentry"],"_links":{"self":[{"href":"https:\/\/contadorglobal.us\/index.php\/wp-json\/wp\/v2\/pages\/4701","targetHints":{"allow":["GET"]}}],"collection":[{"href":"https:\/\/contadorglobal.us\/index.php\/wp-json\/wp\/v2\/pages"}],"about":[{"href":"https:\/\/contadorglobal.us\/index.php\/wp-json\/wp\/v2\/types\/page"}],"author":[{"embeddable":true,"href":"https:\/\/contadorglobal.us\/index.php\/wp-json\/wp\/v2\/users\/1"}],"replies":[{"embeddable":true,"href":"https:\/\/contadorglobal.us\/index.php\/wp-json\/wp\/v2\/comments?post=4701"}],"version-history":[{"count":14,"href":"https:\/\/contadorglobal.us\/index.php\/wp-json\/wp\/v2\/pages\/4701\/revisions"}],"predecessor-version":[{"id":5915,"href":"https:\/\/contadorglobal.us\/index.php\/wp-json\/wp\/v2\/pages\/4701\/revisions\/5915"}],"wp:attachment":[{"href":"https:\/\/contadorglobal.us\/index.php\/wp-json\/wp\/v2\/media?parent=4701"}],"curies":[{"name":"wp","href":"https:\/\/api.w.org\/{rel}","templated":true}]}}