{"id":5556,"date":"2026-02-09T19:01:19","date_gmt":"2026-02-09T19:01:19","guid":{"rendered":"https:\/\/contadorglobal.us\/?page_id=5556"},"modified":"2026-02-13T20:24:15","modified_gmt":"2026-02-13T20:24:15","slug":"estructuracion","status":"publish","type":"page","link":"https:\/\/contadorglobal.us\/index.php\/estructuracion\/","title":{"rendered":"Estructuraci\u00f3n"},"content":{"rendered":"\t\t<div data-elementor-type=\"wp-page\" data-elementor-id=\"5556\" class=\"elementor elementor-5556\">\n\t\t\t\t<div class=\"elementor-element elementor-element-9a1c57e e-flex e-con-boxed e-con e-parent\" data-id=\"9a1c57e\" data-element_type=\"container\" data-e-type=\"container\">\n\t\t\t\t\t<div class=\"e-con-inner\">\n\t\t\t\t<div class=\"elementor-element elementor-element-1635601 elementor-widget elementor-widget-heading\" data-id=\"1635601\" data-element_type=\"widget\" data-e-type=\"widget\" data-widget_type=\"heading.default\">\n\t\t\t\t\t<h2 class=\"elementor-heading-title elementor-size-default\">Estructuraci\u00f3n legal y fiscal internacional<\/h2>\t\t\t\t<\/div>\n\t\t\t\t\t<\/div>\n\t\t\t\t<\/div>\n\t\t<div class=\"elementor-element elementor-element-5aa7268 e-flex e-con-boxed e-con e-parent\" data-id=\"5aa7268\" data-element_type=\"container\" data-e-type=\"container\">\n\t\t\t\t\t<div class=\"e-con-inner\">\n\t\t\t\t<div class=\"elementor-element elementor-element-86a6941 elementor-widget elementor-widget-heading\" data-id=\"86a6941\" data-element_type=\"widget\" data-e-type=\"widget\" data-widget_type=\"heading.default\">\n\t\t\t\t\t<h5 class=\"elementor-heading-title elementor-size-default\">Dise\u00f1amos estructuras legales y fiscales s\u00f3lidas para operar, invertir y crecer en Estados Unidos con seguridad jur\u00eddica y eficiencia fiscal.<\/h5>\t\t\t\t<\/div>\n\t\t\t\t\t<\/div>\n\t\t\t\t<\/div>\n\t\t<div class=\"elementor-element elementor-element-6938d97 e-flex e-con-boxed e-con e-parent\" data-id=\"6938d97\" data-element_type=\"container\" data-e-type=\"container\">\n\t\t\t\t\t<div class=\"e-con-inner\">\n\t\t\t\t<div class=\"elementor-element elementor-element-9acc986 elementor-align-right elementor-widget elementor-widget-button\" data-id=\"9acc986\" data-element_type=\"widget\" data-e-type=\"widget\" data-widget_type=\"button.default\">\n\t\t\t\t\t\t\t\t\t\t<a class=\"elementor-button elementor-button-link elementor-size-sm\" href=\"#\">\n\t\t\t\t\t\t<span class=\"elementor-button-content-wrapper\">\n\t\t\t\t\t\t\t\t\t<span class=\"elementor-button-text\">Solicitar an\u00e1lisis de estructura<\/span>\n\t\t\t\t\t<\/span>\n\t\t\t\t\t<\/a>\n\t\t\t\t\t\t\t\t<\/div>\n\t\t\t\t\t<\/div>\n\t\t\t\t<\/div>\n\t\t<div class=\"elementor-element elementor-element-eeaae4a e-flex e-con-boxed e-con e-parent\" data-id=\"eeaae4a\" data-element_type=\"container\" data-e-type=\"container\">\n\t\t\t\t\t<div class=\"e-con-inner\">\n\t\t<div class=\"elementor-element elementor-element-5236a60 e-con-full e-flex e-con e-child\" data-id=\"5236a60\" data-element_type=\"container\" data-e-type=\"container\">\n\t\t\t\t<div class=\"elementor-element elementor-element-061e1d3 elementor-widget elementor-widget-image\" data-id=\"061e1d3\" data-element_type=\"widget\" data-e-type=\"widget\" data-widget_type=\"image.default\">\n\t\t\t\t\t\t\t\t\t\t\t\t\t\t\t<img fetchpriority=\"high\" decoding=\"async\" width=\"1024\" height=\"683\" src=\"https:\/\/contadorglobal.us\/wp-content\/uploads\/2026\/02\/Office3-1024x683.png\" class=\"attachment-large size-large wp-image-5861\" alt=\"\" srcset=\"https:\/\/contadorglobal.us\/wp-content\/uploads\/2026\/02\/Office3-1024x683.png 1024w, https:\/\/contadorglobal.us\/wp-content\/uploads\/2026\/02\/Office3-300x200.png 300w, https:\/\/contadorglobal.us\/wp-content\/uploads\/2026\/02\/Office3-768x512.png 768w, https:\/\/contadorglobal.us\/wp-content\/uploads\/2026\/02\/Office3-393x262.png 393w, https:\/\/contadorglobal.us\/wp-content\/uploads\/2026\/02\/Office3-600x400.png 600w, https:\/\/contadorglobal.us\/wp-content\/uploads\/2026\/02\/Office3.png 1536w\" sizes=\"(max-width: 1024px) 100vw, 1024px\" \/>\t\t\t\t\t\t\t\t\t\t\t\t\t\t\t<\/div>\n\t\t\t\t<div class=\"elementor-element elementor-element-6ad5193 elementor-widget elementor-widget-mainhomeservice\" data-id=\"6ad5193\" data-element_type=\"widget\" data-e-type=\"widget\" data-widget_type=\"mainhomeservice.default\">\n\t\t\t\t<div class=\"elementor-widget-container\">\n\t\t\t\t\t\n<!-- Service -->\n<section class=\"section-highlight service-area\">\n    <div class=\"custom-container\">\n                <div class=\"section-header\">\n                        <div class=\"left\">\n                <h4 class=\"subtitle\">\n                    <img decoding=\"async\" src=\"https:\/\/wpriverthemes.com\/magnuz\/wp-content\/themes\/magnuz\/assets\/imgs\/star-shape.svg\" alt=\"star\">Estrucutura Legal y Fiscal<img decoding=\"async\" src=\"https:\/\/wpriverthemes.com\/magnuz\/wp-content\/themes\/magnuz\/assets\/imgs\/star-shape.svg\" alt=\"star\">                <\/h4>\n                <h1 class=\"title\">Qu\u00e9 problema resolvemos<\/h1>\n            <\/div>\n            \n                        <div class=\"right\">\n                <p>Muchas empresas e inversores operan en Estados Unidos sin una estructura legal y fiscal definida. <\/p>\n\n<p>Esto suele generar riesgos innecesarios, decisiones improvisadas y una exposici\u00f3n fiscal o patrimonial que solo se detecta cuando el problema ya existe o suele descubrirse tarde. <\/p>\n\n\n<p>La falta de planificaci\u00f3n deriva en ineficiencias, costos evitables y contingencias legales que podr\u00edan haberse prevenido con una correcta estructuraci\u00f3n desde el inicio.<\/p>            <\/div>\n                    <\/div>\n        \n        <div class=\"service-items\">\n            \n                                <\/div>\n    <\/div>\n<\/section>\n<!-- End Service -->\n\n\n\n    \t\t\t\t<\/div>\n\t\t\t\t<\/div>\n\t\t\t\t<div class=\"elementor-element elementor-element-107a762 elementor-widget elementor-widget-mainhomeservice\" data-id=\"107a762\" data-element_type=\"widget\" data-e-type=\"widget\" data-widget_type=\"mainhomeservice.default\">\n\t\t\t\t<div class=\"elementor-widget-container\">\n\t\t\t\t\t\n<!-- Service -->\n<section class=\"section-highlight service-area\">\n    <div class=\"custom-container\">\n                <div class=\"section-header\">\n                        <div class=\"left\">\n                <h4 class=\"subtitle\">\n                    <img decoding=\"async\" src=\"https:\/\/wpriverthemes.com\/magnuz\/wp-content\/themes\/magnuz\/assets\/imgs\/star-shape.svg\" alt=\"star\">Perfil de clientes<img decoding=\"async\" src=\"https:\/\/wpriverthemes.com\/magnuz\/wp-content\/themes\/magnuz\/assets\/imgs\/star-shape.svg\" alt=\"star\">                <\/h4>\n                <h1 class=\"title\">A qui\u00e9n va dirigido<\/h1>\n            <\/div>\n            \n                        <div class=\"right\">\n                <p>Este servicio est\u00e1 dirigido para empresarios de Latinoam\u00e9rica y Europa que desean operar o invertir en Estados Unidos.<\/p>\n\n<p>Tambi\u00e9n trabajamos con inversores inmobiliarios, due\u00f1os de negocios de e-commerce, consultores y empresas de servicios con actividad internacional.<\/p>\n\n\n<p>Asimismo, asesoramos a familias con patrimonio internacional que requieren una planificaci\u00f3n ordenada para estructurar activos y operaciones de forma segura.<\/p>            <\/div>\n                    <\/div>\n        \n        <div class=\"service-items\">\n            \n                                <\/div>\n    <\/div>\n<\/section>\n<!-- End Service -->\n\n\n\n    \t\t\t\t<\/div>\n\t\t\t\t<\/div>\n\t\t\t\t<div class=\"elementor-element elementor-element-57e6a95 elementor-widget elementor-widget-mainhomeservice\" data-id=\"57e6a95\" data-element_type=\"widget\" data-e-type=\"widget\" data-widget_type=\"mainhomeservice.default\">\n\t\t\t\t<div class=\"elementor-widget-container\">\n\t\t\t\t\t\n<!-- Service -->\n<section class=\"section-highlight service-area\">\n    <div class=\"custom-container\">\n                <div class=\"section-header\">\n                        <div class=\"left\">\n                <h4 class=\"subtitle\">\n                    <img decoding=\"async\" src=\"https:\/\/wpriverthemes.com\/magnuz\/wp-content\/themes\/magnuz\/assets\/imgs\/star-shape.svg\" alt=\"star\">Nuestro enfoque<img decoding=\"async\" src=\"https:\/\/wpriverthemes.com\/magnuz\/wp-content\/themes\/magnuz\/assets\/imgs\/star-shape.svg\" alt=\"star\">                <\/h4>\n                <h1 class=\"title\">Qu\u00e9 hacemos exactamente<\/h1>\n            <\/div>\n            \n                        <div class=\"right\">\n                \n<p>Analizamos cada caso en profundidad para definir la estructura m\u00e1s adecuada seg\u00fan el perfil del cliente, su residencia fiscal y sus objetivos.<\/p>\n\n<p>Evaluamos alternativas como LLC, Corporation y estructuras de holding, tanto en Estados Unidos como en el exterior, siempre con un criterio t\u00e9cnico y pr\u00e1ctico. <\/p>\n\n\n<p>El objetivo es dise\u00f1ar esquemas claros, eficientes y sostenibles, que permitan operar con seguridad jur\u00eddica, proteger el patrimonio y cumplir correctamente con las obligaciones fiscales. <\/p>            <\/div>\n                    <\/div>\n        \n        <div class=\"service-items\">\n            \n                                <\/div>\n    <\/div>\n<\/section>\n<!-- End Service -->\n\n\n\n    \t\t\t\t<\/div>\n\t\t\t\t<\/div>\n\t\t\t\t<div class=\"elementor-element elementor-element-f4e322a elementor-widget elementor-widget-mainhomeservice\" data-id=\"f4e322a\" data-element_type=\"widget\" data-e-type=\"widget\" data-widget_type=\"mainhomeservice.default\">\n\t\t\t\t<div class=\"elementor-widget-container\">\n\t\t\t\t\t\n<!-- Service -->\n<section class=\"section-highlight service-area\">\n    <div class=\"custom-container\">\n                <div class=\"section-header\">\n                        <div class=\"left\">\n                <h4 class=\"subtitle\">\n                    <img decoding=\"async\" src=\"https:\/\/wpriverthemes.com\/magnuz\/wp-content\/themes\/magnuz\/assets\/imgs\/star-shape.svg\" alt=\"star\">Compliance &amp; cumplimiento fiscal<img decoding=\"async\" src=\"https:\/\/wpriverthemes.com\/magnuz\/wp-content\/themes\/magnuz\/assets\/imgs\/star-shape.svg\" alt=\"star\">                <\/h4>\n                <h1 class=\"title\">Opere en EE.UU. con tranquilidad<\/h1>\n            <\/div>\n            \n                        <div class=\"right\">\n                <p>Una estructura mal dise\u00f1ada puede costar a\u00f1os de correcciones y p\u00e9rdidas innecesarias.<\/p>\n\n<p>Una estructura bien pensada brinda claridad, previsibilidad y tranquilidad para crecer y tomar decisiones con respaldo legal y fiscal.<\/p>\n\n\n<p>Dise\u00f1ar correctamente desde el inicio marca la diferencia entre operar con incertidumbre o hacerlo con control.<\/p>            <\/div>\n                    <\/div>\n        \n        <div class=\"service-items\">\n            \n                                <\/div>\n    <\/div>\n<\/section>\n<!-- End Service -->\n\n\n\n    \t\t\t\t<\/div>\n\t\t\t\t<\/div>\n\t\t\t\t<div class=\"elementor-element elementor-element-acb453f elementor-align-right elementor-widget elementor-widget-button\" data-id=\"acb453f\" data-element_type=\"widget\" data-e-type=\"widget\" data-widget_type=\"button.default\">\n\t\t\t\t\t\t\t\t\t\t<a class=\"elementor-button elementor-button-link elementor-size-sm\" href=\"#\">\n\t\t\t\t\t\t<span class=\"elementor-button-content-wrapper\">\n\t\t\t\t\t\t\t\t\t<span class=\"elementor-button-text\">Solicitar an\u00e1lisis de estructura<\/span>\n\t\t\t\t\t<\/span>\n\t\t\t\t\t<\/a>\n\t\t\t\t\t\t\t\t<\/div>\n\t\t\t\t<\/div>\n\t\t\t\t\t<\/div>\n\t\t\t\t<\/div>\n\t\t\t\t<\/div>\n\t\t","protected":false},"excerpt":{"rendered":"<p>Estructuraci\u00f3n legal y fiscal internacional Dise\u00f1amos estructuras legales y fiscales s\u00f3lidas para operar, invertir y crecer en Estados Unidos con seguridad jur\u00eddica y eficiencia fiscal. Solicitar an\u00e1lisis de estructura Estrucutura Legal y Fiscal Qu\u00e9 problema resolvemos Muchas empresas e inversores operan en Estados Unidos sin una estructura legal y fiscal definida. Esto suele generar riesgos [&hellip;]<\/p>\n","protected":false},"author":1,"featured_media":0,"parent":0,"menu_order":0,"comment_status":"closed","ping_status":"closed","template":"elementor_header_footer","meta":{"footnotes":""},"class_list":["post-5556","page","type-page","status-publish","hentry"],"_links":{"self":[{"href":"https:\/\/contadorglobal.us\/index.php\/wp-json\/wp\/v2\/pages\/5556","targetHints":{"allow":["GET"]}}],"collection":[{"href":"https:\/\/contadorglobal.us\/index.php\/wp-json\/wp\/v2\/pages"}],"about":[{"href":"https:\/\/contadorglobal.us\/index.php\/wp-json\/wp\/v2\/types\/page"}],"author":[{"embeddable":true,"href":"https:\/\/contadorglobal.us\/index.php\/wp-json\/wp\/v2\/users\/1"}],"replies":[{"embeddable":true,"href":"https:\/\/contadorglobal.us\/index.php\/wp-json\/wp\/v2\/comments?post=5556"}],"version-history":[{"count":103,"href":"https:\/\/contadorglobal.us\/index.php\/wp-json\/wp\/v2\/pages\/5556\/revisions"}],"predecessor-version":[{"id":5911,"href":"https:\/\/contadorglobal.us\/index.php\/wp-json\/wp\/v2\/pages\/5556\/revisions\/5911"}],"wp:attachment":[{"href":"https:\/\/contadorglobal.us\/index.php\/wp-json\/wp\/v2\/media?parent=5556"}],"curies":[{"name":"wp","href":"https:\/\/api.w.org\/{rel}","templated":true}]}}